{"id":1780,"date":"2022-11-15T14:58:57","date_gmt":"2022-11-15T13:58:57","guid":{"rendered":"https:\/\/www.academiapsicologia.com\/?page_id=1780"},"modified":"2024-12-20T12:13:17","modified_gmt":"2024-12-20T11:13:17","slug":"publicaciones","status":"publish","type":"page","link":"https:\/\/www.academiapsicologia.com\/index.php\/publicaciones\/","title":{"rendered":"Publicaciones"},"content":{"rendered":"<div class=\"fusion-fullwidth fullwidth-box fusion-builder-row-1 fusion-flex-container nonhundred-percent-fullwidth non-hundred-percent-height-scrolling\" style=\"--awb-border-radius-top-left:0px;--awb-border-radius-top-right:0px;--awb-border-radius-bottom-right:0px;--awb-border-radius-bottom-left:0px;--awb-flex-wrap:wrap;\" ><div class=\"fusion-builder-row fusion-row fusion-flex-align-items-flex-start fusion-flex-content-wrap\" style=\"max-width:1248px;margin-left: calc(-4% \/ 2 );margin-right: calc(-4% \/ 2 );\"><div class=\"fusion-layout-column fusion_builder_column fusion-builder-column-0 fusion_builder_column_1_1 1_1 fusion-flex-column\" style=\"--awb-bg-size:cover;--awb-width-large:100%;--awb-margin-top-large:0px;--awb-spacing-right-large:1.92%;--awb-margin-bottom-large:20px;--awb-spacing-left-large:1.92%;--awb-width-medium:100%;--awb-order-medium:0;--awb-spacing-right-medium:1.92%;--awb-spacing-left-medium:1.92%;--awb-width-small:100%;--awb-order-small:0;--awb-spacing-right-small:1.92%;--awb-spacing-left-small:1.92%;\"><div class=\"fusion-column-wrapper fusion-column-has-shadow fusion-flex-justify-content-flex-start fusion-content-layout-column\"><div class=\"fusion-text fusion-text-1\" style=\"--awb-text-transform:none;\"><h3><strong>Cl\u00e1sicos Psicolog\u00eda APE<\/strong><\/h3>\n<\/div><div class=\"fusion-recent-posts fusion-recent-posts-1 avada-container layout-default layout-columns-4\"><section class=\"fusion-columns columns fusion-columns-4 columns-4\"><article class=\"post fusion-column column col col-lg-3 col-md-3 col-sm-3\"><div class=\"fusion-flexslider fusion-flexslider-loading flexslider flexslider-hover-type-none\"><ul class=\"slides\"><li><a href=\"https:\/\/www.academiapsicologia.com\/index.php\/2023\/02\/01\/gregorio-maranon-y-la-emocion\/\" aria-label=\"Gregorio Mara\u00f1\u00f3n y la Emoci\u00f3n\" class=\"hover-type-none\"><img decoding=\"async\" width=\"700\" height=\"441\" src=\"https:\/\/www.academiapsicologia.com\/wp-content\/uploads\/2023\/02\/Gregorio-Maranon-y-la-Emocion-01-700x441.jpg\" class=\"attachment-recent-posts size-recent-posts\" alt=\"\" srcset=\"https:\/\/www.academiapsicologia.com\/wp-content\/uploads\/2023\/02\/Gregorio-Maranon-y-la-Emocion-01-320x202.jpg 320w, https:\/\/www.academiapsicologia.com\/wp-content\/uploads\/2023\/02\/Gregorio-Maranon-y-la-Emocion-01-700x441.jpg 700w\" sizes=\"(max-width: 700px) 100vw, 700px\" \/><\/a><\/li><\/ul><\/div><div class=\"recent-posts-content\"><span class=\"vcard\" style=\"display: none;\"><span class=\"fn\"><a href=\"https:\/\/www.academiapsicologia.com\/index.php\/author\/admin_academia\/\" title=\"Entradas de admin_academia\" rel=\"author\">admin_academia<\/a><\/span><\/span><span class=\"updated\" style=\"display:none;\">2023-02-01T10:51:27+01:00<\/span><h4 class=\"entry-title\"><a href=\"https:\/\/www.academiapsicologia.com\/index.php\/2023\/02\/01\/gregorio-maranon-y-la-emocion\/\">Gregorio Mara\u00f1\u00f3n y la Emoci\u00f3n<\/a><\/h4><p> por Jaime Vila Castellar. Editorial: Sanz y Torres, S.L. [...]<\/p><\/div><\/article><article class=\"post fusion-column column col col-lg-3 col-md-3 col-sm-3\"><div class=\"fusion-flexslider fusion-flexslider-loading flexslider flexslider-hover-type-none\"><ul class=\"slides\"><li><a href=\"https:\/\/www.academiapsicologia.com\/index.php\/2022\/11\/15\/luis-simarro-y-sus-contemporaneos\/\" aria-label=\"Luis Simarro y sus contempor\u00e1neos\" class=\"hover-type-none\"><img decoding=\"async\" width=\"700\" height=\"441\" src=\"https:\/\/www.academiapsicologia.com\/wp-content\/uploads\/2022\/11\/Luis-Simarro-y-sus-contemporaneos-01-700x441.jpg\" class=\"attachment-recent-posts size-recent-posts\" alt=\"\" srcset=\"https:\/\/www.academiapsicologia.com\/wp-content\/uploads\/2022\/11\/Luis-Simarro-y-sus-contemporaneos-01-320x202.jpg 320w, https:\/\/www.academiapsicologia.com\/wp-content\/uploads\/2022\/11\/Luis-Simarro-y-sus-contemporaneos-01-700x441.jpg 700w\" sizes=\"(max-width: 700px) 100vw, 700px\" \/><\/a><\/li><\/ul><\/div><div class=\"recent-posts-content\"><span class=\"vcard\" style=\"display: none;\"><span class=\"fn\"><a href=\"https:\/\/www.academiapsicologia.com\/index.php\/author\/admin_academia\/\" title=\"Entradas de admin_academia\" rel=\"author\">admin_academia<\/a><\/span><\/span><span class=\"updated\" style=\"display:none;\">2022-11-16T15:28:06+01:00<\/span><h4 class=\"entry-title\"><a href=\"https:\/\/www.academiapsicologia.com\/index.php\/2022\/11\/15\/luis-simarro-y-sus-contemporaneos\/\">Luis Simarro y sus contempor\u00e1neos<\/a><\/h4><p> por Javier Bandr\u00e9s. ISBN: 9788418316807. Idioma: Espa\u00f1ol, Castellano. Medidas: [...]<\/p><\/div><\/article><article class=\"post fusion-column column col col-lg-3 col-md-3 col-sm-3\"><div class=\"fusion-flexslider fusion-flexslider-loading flexslider flexslider-hover-type-none\"><ul class=\"slides\"><li><a href=\"https:\/\/www.academiapsicologia.com\/index.php\/2022\/11\/15\/jose-germain-refundador-de-la-psicologia-en-espana\/\" aria-label=\"Jos\u00e9 Germain. Refundador de la psicolog\u00eda en Espa\u00f1a\" class=\"hover-type-none\"><img decoding=\"async\" width=\"700\" height=\"441\" src=\"https:\/\/www.academiapsicologia.com\/wp-content\/uploads\/2022\/11\/Jose-Germain-refundador-de-la-Psicologia-en-Espana-01-700x441.jpg\" class=\"attachment-recent-posts size-recent-posts\" alt=\"\" srcset=\"https:\/\/www.academiapsicologia.com\/wp-content\/uploads\/2022\/11\/Jose-Germain-refundador-de-la-Psicologia-en-Espana-01-320x202.jpg 320w, https:\/\/www.academiapsicologia.com\/wp-content\/uploads\/2022\/11\/Jose-Germain-refundador-de-la-Psicologia-en-Espana-01-700x441.jpg 700w\" sizes=\"(max-width: 700px) 100vw, 700px\" \/><\/a><\/li><\/ul><\/div><div class=\"recent-posts-content\"><span class=\"vcard\" style=\"display: none;\"><span class=\"fn\"><a href=\"https:\/\/www.academiapsicologia.com\/index.php\/author\/admin_academia\/\" title=\"Entradas de admin_academia\" rel=\"author\">admin_academia<\/a><\/span><\/span><span class=\"updated\" style=\"display:none;\">2022-11-16T19:18:41+01:00<\/span><h4 class=\"entry-title\"><a href=\"https:\/\/www.academiapsicologia.com\/index.php\/2022\/11\/15\/jose-germain-refundador-de-la-psicologia-en-espana\/\">Jos\u00e9 Germain. Refundador de la psicolog\u00eda en Espa\u00f1a<\/a><\/h4><p> por Helio Carpintero. ISBN: 978-84-18316-19-7. P\u00e1ginas: 120. Dimensiones: 170 [...]<\/p><\/div><\/article><\/section><\/div><div class=\"fusion-text fusion-text-2\" style=\"--awb-text-transform:none;\"><h3><strong>Monograf\u00edas Psicolog\u00eda APE<\/strong><\/h3>\n<\/div><div class=\"fusion-recent-posts fusion-recent-posts-2 avada-container layout-default layout-columns-4\"><section class=\"fusion-columns columns fusion-columns-4 columns-4\"><article class=\"post fusion-column column col col-lg-3 col-md-3 col-sm-3\"><div class=\"fusion-flexslider fusion-flexslider-loading flexslider flexslider-hover-type-none\"><ul class=\"slides\"><li><a href=\"https:\/\/www.academiapsicologia.com\/index.php\/2024\/12\/20\/intentando-interpretar-y-prevenir-el-aumento-de-suicidio\/\" aria-label=\"Intentando interpretar y prevenir el aumento de suicidio\" class=\"hover-type-none\"><img decoding=\"async\" width=\"700\" height=\"441\" src=\"https:\/\/www.academiapsicologia.com\/wp-content\/uploads\/2024\/12\/Intentando-interpretar-y-prevenir-el-aumento-de-suicidio-700x441.jpg\" class=\"attachment-recent-posts size-recent-posts\" alt=\"\" srcset=\"https:\/\/www.academiapsicologia.com\/wp-content\/uploads\/2024\/12\/Intentando-interpretar-y-prevenir-el-aumento-de-suicidio-320x202.jpg 320w, https:\/\/www.academiapsicologia.com\/wp-content\/uploads\/2024\/12\/Intentando-interpretar-y-prevenir-el-aumento-de-suicidio-700x441.jpg 700w\" sizes=\"(max-width: 700px) 100vw, 700px\" \/><\/a><\/li><\/ul><\/div><div class=\"recent-posts-content\"><span class=\"vcard\" style=\"display: none;\"><span class=\"fn\"><a href=\"https:\/\/www.academiapsicologia.com\/index.php\/author\/admin_academia\/\" title=\"Entradas de admin_academia\" rel=\"author\">admin_academia<\/a><\/span><\/span><span class=\"updated\" style=\"display:none;\">2024-12-20T11:58:42+01:00<\/span><h4 class=\"entry-title\"><a href=\"https:\/\/www.academiapsicologia.com\/index.php\/2024\/12\/20\/intentando-interpretar-y-prevenir-el-aumento-de-suicidio\/\">Intentando interpretar y prevenir el aumento de suicidio<\/a><\/h4><p> ISBN:\u00a0978-84-19947-60-4 P\u00e1ginas:\u00a0243 Dimensiones:\u00a0170 cm x 240 cm Encuadernaci\u00f3n: R\u00fastica [...]<\/p><\/div><\/article><article class=\"post fusion-column column col col-lg-3 col-md-3 col-sm-3\"><div class=\"fusion-flexslider fusion-flexslider-loading flexslider flexslider-hover-type-none\"><ul class=\"slides\"><li><a href=\"https:\/\/www.academiapsicologia.com\/index.php\/2024\/12\/20\/psicologia-y-eutanasia\/\" aria-label=\"Psicolog\u00eda y eutanasia\" class=\"hover-type-none\"><img decoding=\"async\" width=\"700\" height=\"441\" src=\"https:\/\/www.academiapsicologia.com\/wp-content\/uploads\/2024\/12\/Psicologia-y-eutanasia-700x441.jpg\" class=\"attachment-recent-posts size-recent-posts\" alt=\"\" srcset=\"https:\/\/www.academiapsicologia.com\/wp-content\/uploads\/2024\/12\/Psicologia-y-eutanasia-320x202.jpg 320w, https:\/\/www.academiapsicologia.com\/wp-content\/uploads\/2024\/12\/Psicologia-y-eutanasia-700x441.jpg 700w\" sizes=\"(max-width: 700px) 100vw, 700px\" \/><\/a><\/li><\/ul><\/div><div class=\"recent-posts-content\"><span class=\"vcard\" style=\"display: none;\"><span class=\"fn\"><a href=\"https:\/\/www.academiapsicologia.com\/index.php\/author\/admin_academia\/\" title=\"Entradas de admin_academia\" rel=\"author\">admin_academia<\/a><\/span><\/span><span class=\"updated\" style=\"display:none;\">2024-12-20T11:48:53+01:00<\/span><h4 class=\"entry-title\"><a href=\"https:\/\/www.academiapsicologia.com\/index.php\/2024\/12\/20\/psicologia-y-eutanasia\/\">Psicolog\u00eda y eutanasia<\/a><\/h4><p> ISBN: 978-84-19382-98-6 P\u00e1ginas: 214 Dimensiones: 170 cm x 240 [...]<\/p><\/div><\/article><article class=\"post fusion-column column col col-lg-3 col-md-3 col-sm-3\"><div class=\"fusion-flexslider fusion-flexslider-loading flexslider flexslider-hover-type-none\"><ul class=\"slides\"><li><a href=\"https:\/\/www.academiapsicologia.com\/index.php\/2022\/11\/16\/escritos-sobre-psicologia-social-de-la-ciencia-y-del-conocimiento\/\" aria-label=\"Escritos sobre psicolog\u00eda social de la ciencia y del conocimiento\" class=\"hover-type-none\"><img decoding=\"async\" width=\"700\" height=\"441\" src=\"https:\/\/www.academiapsicologia.com\/wp-content\/uploads\/2022\/11\/Escritos-sobre-psicologia-social-de-la-ciencia-y-del-conocimiento-01-700x441.jpg\" class=\"attachment-recent-posts size-recent-posts\" alt=\"\" srcset=\"https:\/\/www.academiapsicologia.com\/wp-content\/uploads\/2022\/11\/Escritos-sobre-psicologia-social-de-la-ciencia-y-del-conocimiento-01-320x202.jpg 320w, https:\/\/www.academiapsicologia.com\/wp-content\/uploads\/2022\/11\/Escritos-sobre-psicologia-social-de-la-ciencia-y-del-conocimiento-01-700x441.jpg 700w\" sizes=\"(max-width: 700px) 100vw, 700px\" \/><\/a><\/li><\/ul><\/div><div class=\"recent-posts-content\"><span class=\"vcard\" style=\"display: none;\"><span class=\"fn\"><a href=\"https:\/\/www.academiapsicologia.com\/index.php\/author\/admin_academia\/\" title=\"Entradas de admin_academia\" rel=\"author\">admin_academia<\/a><\/span><\/span><span class=\"updated\" style=\"display:none;\">2022-11-16T15:25:57+01:00<\/span><h4 class=\"entry-title\"><a href=\"https:\/\/www.academiapsicologia.com\/index.php\/2022\/11\/16\/escritos-sobre-psicologia-social-de-la-ciencia-y-del-conocimiento\/\">Escritos sobre psicolog\u00eda social de la ciencia y del conocimiento<\/a><\/h4><p> por Florencio Jim\u00e9nez Burillo. ISBN: 978-84-18316-61-6. P\u00e1ginas: 264. Dimensiones: [...]<\/p><\/div><\/article><article class=\"post fusion-column column col col-lg-3 col-md-3 col-sm-3\"><div class=\"fusion-flexslider fusion-flexslider-loading flexslider flexslider-hover-type-none\"><ul class=\"slides\"><li><a href=\"https:\/\/www.academiapsicologia.com\/index.php\/2022\/11\/16\/afrontamiento-de-la-violencia-de-genero\/\" aria-label=\"Afrontamiento de la violencia de g\u00e9nero\" class=\"hover-type-none\"><img decoding=\"async\" width=\"700\" height=\"441\" src=\"https:\/\/www.academiapsicologia.com\/wp-content\/uploads\/2022\/11\/Afrontamiento-de-la-violencia-de-genero-01-700x441.jpg\" class=\"attachment-recent-posts size-recent-posts\" alt=\"\" srcset=\"https:\/\/www.academiapsicologia.com\/wp-content\/uploads\/2022\/11\/Afrontamiento-de-la-violencia-de-genero-01-320x202.jpg 320w, https:\/\/www.academiapsicologia.com\/wp-content\/uploads\/2022\/11\/Afrontamiento-de-la-violencia-de-genero-01-700x441.jpg 700w\" sizes=\"(max-width: 700px) 100vw, 700px\" \/><\/a><\/li><\/ul><\/div><div class=\"recent-posts-content\"><span class=\"vcard\" style=\"display: none;\"><span class=\"fn\"><a href=\"https:\/\/www.academiapsicologia.com\/index.php\/author\/admin_academia\/\" title=\"Entradas de admin_academia\" rel=\"author\">admin_academia<\/a><\/span><\/span><span class=\"updated\" style=\"display:none;\">2022-11-16T15:26:27+01:00<\/span><h4 class=\"entry-title\"><a href=\"https:\/\/www.academiapsicologia.com\/index.php\/2022\/11\/16\/afrontamiento-de-la-violencia-de-genero\/\">Afrontamiento de la violencia de g\u00e9nero<\/a><\/h4><p> Coordinaci\u00f3n:\u00a0Javier Urra Portillo. ISBN: 978-84-18316-74-6. P\u00e1ginas: 222. Dimensiones: 170 [...]<\/p><\/div><\/article><article class=\"post fusion-column column col col-lg-3 col-md-3 col-sm-3\"><div class=\"fusion-flexslider fusion-flexslider-loading flexslider flexslider-hover-type-none\"><ul class=\"slides\"><li><a href=\"https:\/\/www.academiapsicologia.com\/index.php\/2022\/11\/15\/el-miedo-al-otro-y-la-incurable-otredad-del-yo\/\" aria-label=\"El miedo al \u00abotro\u00bb y la incurable otredad del \u00abyo\u00bb\" class=\"hover-type-none\"><img decoding=\"async\" width=\"700\" height=\"441\" src=\"https:\/\/www.academiapsicologia.com\/wp-content\/uploads\/2022\/11\/El-miedo-al-otro-y-la-incurable-otredad-del-yo-01-700x441.jpg\" class=\"attachment-recent-posts size-recent-posts\" alt=\"\" srcset=\"https:\/\/www.academiapsicologia.com\/wp-content\/uploads\/2022\/11\/El-miedo-al-otro-y-la-incurable-otredad-del-yo-01-320x202.jpg 320w, https:\/\/www.academiapsicologia.com\/wp-content\/uploads\/2022\/11\/El-miedo-al-otro-y-la-incurable-otredad-del-yo-01-700x441.jpg 700w\" sizes=\"(max-width: 700px) 100vw, 700px\" \/><\/a><\/li><\/ul><\/div><div class=\"recent-posts-content\"><span class=\"vcard\" style=\"display: none;\"><span class=\"fn\"><a href=\"https:\/\/www.academiapsicologia.com\/index.php\/author\/admin_academia\/\" title=\"Entradas de admin_academia\" rel=\"author\">admin_academia<\/a><\/span><\/span><span class=\"updated\" style=\"display:none;\">2022-11-16T15:27:20+01:00<\/span><h4 class=\"entry-title\"><a href=\"https:\/\/www.academiapsicologia.com\/index.php\/2022\/11\/15\/el-miedo-al-otro-y-la-incurable-otredad-del-yo\/\">El miedo al \u00abotro\u00bb y la incurable otredad del \u00abyo\u00bb<\/a><\/h4><p> por Amalio Blanco Abarca. ISBN: 978-84-18316-85-2. P\u00e1ginas: 181. Dimensiones: [...]<\/p><\/div><\/article><article class=\"post fusion-column column col col-lg-3 col-md-3 col-sm-3\"><div class=\"fusion-flexslider fusion-flexslider-loading flexslider flexslider-hover-type-none\"><ul class=\"slides\"><li><a href=\"https:\/\/www.academiapsicologia.com\/index.php\/2022\/11\/15\/comunicacion-y-psicologia\/\" aria-label=\"Comunicaci\u00f3n y psicolog\u00eda\" class=\"hover-type-none\"><img decoding=\"async\" width=\"700\" height=\"441\" src=\"https:\/\/www.academiapsicologia.com\/wp-content\/uploads\/2022\/11\/Comunicacion-y-Psicologia-01-700x441.jpg\" class=\"attachment-recent-posts size-recent-posts\" alt=\"\" srcset=\"https:\/\/www.academiapsicologia.com\/wp-content\/uploads\/2022\/11\/Comunicacion-y-Psicologia-01-320x202.jpg 320w, https:\/\/www.academiapsicologia.com\/wp-content\/uploads\/2022\/11\/Comunicacion-y-Psicologia-01-700x441.jpg 700w\" sizes=\"(max-width: 700px) 100vw, 700px\" \/><\/a><\/li><\/ul><\/div><div class=\"recent-posts-content\"><span class=\"vcard\" style=\"display: none;\"><span class=\"fn\"><a href=\"https:\/\/www.academiapsicologia.com\/index.php\/author\/admin_academia\/\" title=\"Entradas de admin_academia\" rel=\"author\">admin_academia<\/a><\/span><\/span><span class=\"updated\" style=\"display:none;\">2022-11-16T15:28:23+01:00<\/span><h4 class=\"entry-title\"><a href=\"https:\/\/www.academiapsicologia.com\/index.php\/2022\/11\/15\/comunicacion-y-psicologia\/\">Comunicaci\u00f3n y psicolog\u00eda<\/a><\/h4><p> Coordinador: Jos\u00e9 Francisco Morales Dom\u00ednguez. ISBN: 978-84-18316-12-8. P\u00e1ginas: 130. [...]<\/p><\/div><\/article><article class=\"post fusion-column column col col-lg-3 col-md-3 col-sm-3\"><div class=\"fusion-flexslider fusion-flexslider-loading flexslider flexslider-hover-type-none\"><ul class=\"slides\"><li><a href=\"https:\/\/www.academiapsicologia.com\/index.php\/2022\/10\/01\/identidad-de-genero-una-aproximacion-psicobiologica\/\" aria-label=\"Identidad de g\u00e9nero. Una aproximaci\u00f3n psicobiol\u00f3gica\" class=\"hover-type-none\"><img decoding=\"async\" width=\"700\" height=\"441\" src=\"https:\/\/www.academiapsicologia.com\/wp-content\/uploads\/2024\/12\/Identidad-de-Genero.-Una-aproximacion-psicobiologica-700x441.jpg\" class=\"attachment-recent-posts size-recent-posts\" alt=\"\" srcset=\"https:\/\/www.academiapsicologia.com\/wp-content\/uploads\/2024\/12\/Identidad-de-Genero.-Una-aproximacion-psicobiologica-320x202.jpg 320w, https:\/\/www.academiapsicologia.com\/wp-content\/uploads\/2024\/12\/Identidad-de-Genero.-Una-aproximacion-psicobiologica-700x441.jpg 700w\" sizes=\"(max-width: 700px) 100vw, 700px\" \/><\/a><\/li><\/ul><\/div><div class=\"recent-posts-content\"><span class=\"vcard\" style=\"display: none;\"><span class=\"fn\"><a href=\"https:\/\/www.academiapsicologia.com\/index.php\/author\/admin_academia\/\" title=\"Entradas de admin_academia\" rel=\"author\">admin_academia<\/a><\/span><\/span><span class=\"updated\" style=\"display:none;\">2024-12-20T12:10:46+01:00<\/span><h4 class=\"entry-title\"><a href=\"https:\/\/www.academiapsicologia.com\/index.php\/2022\/10\/01\/identidad-de-genero-una-aproximacion-psicobiologica\/\">Identidad de g\u00e9nero. Una aproximaci\u00f3n psicobiol\u00f3gica<\/a><\/h4><p> ISBN:\u00a0978-84-18316-52-4 P\u00e1ginas:\u00a0204 Dimensiones:\u00a0170 cm x 240 cm Encuadernaci\u00f3n:\u00a0R\u00fastica  [...]<\/p><\/div><\/article><\/section><\/div><div class=\"fusion-text fusion-text-3\" style=\"--awb-text-transform:none;\"><h3><strong>Psicolog\u00eda para un Mundo Sostenible<\/strong><\/h3>\n<\/div><div class=\"fusion-recent-posts fusion-recent-posts-3 avada-container layout-default layout-columns-4\"><section class=\"fusion-columns columns fusion-columns-4 columns-4\"><article class=\"post fusion-column column col col-lg-3 col-md-3 col-sm-3\"><div class=\"fusion-flexslider fusion-flexslider-loading flexslider flexslider-hover-type-none\"><ul class=\"slides\"><li><a href=\"https:\/\/www.academiapsicologia.com\/index.php\/2024\/11\/29\/psicologia-para-un-mundo-sostenible-vol-iii\/\" aria-label=\"Psicolog\u00eda para un Mundo Sostenible (Vol. III)\" class=\"hover-type-none\"><img decoding=\"async\" width=\"700\" height=\"441\" src=\"https:\/\/www.academiapsicologia.com\/wp-content\/uploads\/2024\/11\/Psicologia-para-un-Mundo-Sostenible-Vol.-III-700x441.jpg\" class=\"attachment-recent-posts size-recent-posts\" alt=\"\" srcset=\"https:\/\/www.academiapsicologia.com\/wp-content\/uploads\/2024\/11\/Psicologia-para-un-Mundo-Sostenible-Vol.-III-320x202.jpg 320w, https:\/\/www.academiapsicologia.com\/wp-content\/uploads\/2024\/11\/Psicologia-para-un-Mundo-Sostenible-Vol.-III-700x441.jpg 700w\" sizes=\"(max-width: 700px) 100vw, 700px\" \/><\/a><\/li><\/ul><\/div><div class=\"recent-posts-content\"><span class=\"vcard\" style=\"display: none;\"><span class=\"fn\"><a href=\"https:\/\/www.academiapsicologia.com\/index.php\/author\/admin_academia\/\" title=\"Entradas de admin_academia\" rel=\"author\">admin_academia<\/a><\/span><\/span><span class=\"updated\" style=\"display:none;\">2024-11-29T17:02:27+01:00<\/span><h4 class=\"entry-title\"><a href=\"https:\/\/www.academiapsicologia.com\/index.php\/2024\/11\/29\/psicologia-para-un-mundo-sostenible-vol-iii\/\">Psicolog\u00eda para un Mundo Sostenible (Vol. III)<\/a><\/h4><p> ISBN: 978-84-368-4832-8 P\u00e1ginas: 264 Dimensiones: Encuadernaci\u00f3n:\u00a0R\u00fastica   por [...]<\/p><\/div><\/article><article class=\"post fusion-column column col col-lg-3 col-md-3 col-sm-3\"><div class=\"fusion-flexslider fusion-flexslider-loading flexslider flexslider-hover-type-none\"><ul class=\"slides\"><li><a href=\"https:\/\/www.academiapsicologia.com\/index.php\/2024\/11\/29\/psicologia-para-un-mundo-sostenible-vol-ii\/\" aria-label=\"Psicolog\u00eda para un Mundo Sostenible (Vol. II)\" class=\"hover-type-none\"><img decoding=\"async\" width=\"700\" height=\"441\" src=\"https:\/\/www.academiapsicologia.com\/wp-content\/uploads\/2024\/11\/Psicologia-para-un-Mundo-Sostenible-Vol.-II-700x441.jpg\" class=\"attachment-recent-posts size-recent-posts\" alt=\"\" srcset=\"https:\/\/www.academiapsicologia.com\/wp-content\/uploads\/2024\/11\/Psicologia-para-un-Mundo-Sostenible-Vol.-II-320x202.jpg 320w, https:\/\/www.academiapsicologia.com\/wp-content\/uploads\/2024\/11\/Psicologia-para-un-Mundo-Sostenible-Vol.-II-700x441.jpg 700w\" sizes=\"(max-width: 700px) 100vw, 700px\" \/><\/a><\/li><\/ul><\/div><div class=\"recent-posts-content\"><span class=\"vcard\" style=\"display: none;\"><span class=\"fn\"><a href=\"https:\/\/www.academiapsicologia.com\/index.php\/author\/admin_academia\/\" title=\"Entradas de admin_academia\" rel=\"author\">admin_academia<\/a><\/span><\/span><span class=\"updated\" style=\"display:none;\">2024-11-29T16:59:33+01:00<\/span><h4 class=\"entry-title\"><a href=\"https:\/\/www.academiapsicologia.com\/index.php\/2024\/11\/29\/psicologia-para-un-mundo-sostenible-vol-ii\/\">Psicolog\u00eda para un Mundo Sostenible (Vol. II)<\/a><\/h4><p> ISBN: 978-84-368-3889-3 P\u00e1ginas: 328 Dimensiones: Encuadernaci\u00f3n:\u00a0R\u00fastica   por [...]<\/p><\/div><\/article><article class=\"post fusion-column column col col-lg-3 col-md-3 col-sm-3\"><div class=\"fusion-flexslider fusion-flexslider-loading flexslider flexslider-hover-type-none\"><ul class=\"slides\"><li><a href=\"https:\/\/www.academiapsicologia.com\/index.php\/2024\/11\/29\/psicologia-para-un-mundo-sostenible-vol-i\/\" aria-label=\"Psicolog\u00eda para un Mundo Sostenible (Vol. I)\" class=\"hover-type-none\"><img decoding=\"async\" width=\"700\" height=\"441\" src=\"https:\/\/www.academiapsicologia.com\/wp-content\/uploads\/2024\/11\/Psicologia-para-un-Mundo-Sostenible-Vol.-I-700x441.jpg\" class=\"attachment-recent-posts size-recent-posts\" alt=\"\" srcset=\"https:\/\/www.academiapsicologia.com\/wp-content\/uploads\/2024\/11\/Psicologia-para-un-Mundo-Sostenible-Vol.-I-320x202.jpg 320w, https:\/\/www.academiapsicologia.com\/wp-content\/uploads\/2024\/11\/Psicologia-para-un-Mundo-Sostenible-Vol.-I-700x441.jpg 700w\" sizes=\"(max-width: 700px) 100vw, 700px\" \/><\/a><\/li><\/ul><\/div><div class=\"recent-posts-content\"><span class=\"vcard\" style=\"display: none;\"><span class=\"fn\"><a href=\"https:\/\/www.academiapsicologia.com\/index.php\/author\/admin_academia\/\" title=\"Entradas de admin_academia\" rel=\"author\">admin_academia<\/a><\/span><\/span><span class=\"updated\" style=\"display:none;\">2024-11-29T16:59:51+01:00<\/span><h4 class=\"entry-title\"><a href=\"https:\/\/www.academiapsicologia.com\/index.php\/2024\/11\/29\/psicologia-para-un-mundo-sostenible-vol-i\/\">Psicolog\u00eda para un Mundo Sostenible (Vol. I)<\/a><\/h4><p> ISBN: 978-84-368-3792-6 P\u00e1ginas: 248 Dimensiones: Encuadernaci\u00f3n:\u00a0R\u00fastica   por [...]<\/p><\/div><\/article><\/section><\/div><\/div><\/div><\/div><\/div>\n","protected":false},"excerpt":{"rendered":"<p>no<\/p>\n","protected":false},"author":1,"featured_media":0,"parent":0,"menu_order":0,"comment_status":"closed","ping_status":"closed","template":"","meta":{"footnotes":""},"class_list":["post-1780","page","type-page","status-publish","hentry"],"_links":{"self":[{"href":"https:\/\/www.academiapsicologia.com\/index.php\/wp-json\/wp\/v2\/pages\/1780","targetHints":{"allow":["GET"]}}],"collection":[{"href":"https:\/\/www.academiapsicologia.com\/index.php\/wp-json\/wp\/v2\/pages"}],"about":[{"href":"https:\/\/www.academiapsicologia.com\/index.php\/wp-json\/wp\/v2\/types\/page"}],"author":[{"embeddable":true,"href":"https:\/\/www.academiapsicologia.com\/index.php\/wp-json\/wp\/v2\/users\/1"}],"replies":[{"embeddable":true,"href":"https:\/\/www.academiapsicologia.com\/index.php\/wp-json\/wp\/v2\/comments?post=1780"}],"version-history":[{"count":22,"href":"https:\/\/www.academiapsicologia.com\/index.php\/wp-json\/wp\/v2\/pages\/1780\/revisions"}],"predecessor-version":[{"id":1791,"href":"https:\/\/www.academiapsicologia.com\/index.php\/wp-json\/wp\/v2\/pages\/1780\/revisions\/1791"}],"wp:attachment":[{"href":"https:\/\/www.academiapsicologia.com\/index.php\/wp-json\/wp\/v2\/media?parent=1780"}],"curies":[{"name":"wp","href":"https:\/\/api.w.org\/{rel}","templated":true}]}}