{"id":449,"date":"2021-02-09T14:30:14","date_gmt":"2021-02-09T13:30:14","guid":{"rendered":"https:\/\/www.academiapsicologia.com\/?page_id=449"},"modified":"2026-03-02T13:44:45","modified_gmt":"2026-03-02T12:44:45","slug":"historia","status":"publish","type":"page","link":"https:\/\/www.academiapsicologia.com\/index.php\/historia\/","title":{"rendered":"Historia"},"content":{"rendered":"<div class=\"fusion-fullwidth fullwidth-box fusion-builder-row-1 fusion-flex-container has-pattern-background has-mask-background nonhundred-percent-fullwidth non-hundred-percent-height-scrolling\" style=\"--awb-border-radius-top-left:0px;--awb-border-radius-top-right:0px;--awb-border-radius-bottom-right:0px;--awb-border-radius-bottom-left:0px;--awb-flex-wrap:wrap;\" ><div class=\"fusion-builder-row fusion-row fusion-flex-align-items-flex-start fusion-flex-content-wrap\" style=\"max-width:1248px;margin-left: calc(-4% \/ 2 );margin-right: calc(-4% \/ 2 );\"><div class=\"fusion-layout-column fusion_builder_column fusion-builder-column-0 fusion_builder_column_1_1 1_1 fusion-flex-column\" style=\"--awb-bg-size:cover;--awb-width-large:100%;--awb-margin-top-large:0px;--awb-spacing-right-large:1.92%;--awb-margin-bottom-large:20px;--awb-spacing-left-large:1.92%;--awb-width-medium:100%;--awb-order-medium:0;--awb-spacing-right-medium:1.92%;--awb-spacing-left-medium:1.92%;--awb-width-small:100%;--awb-order-small:0;--awb-spacing-right-small:1.92%;--awb-spacing-left-small:1.92%;\"><div class=\"fusion-column-wrapper fusion-column-has-shadow fusion-flex-justify-content-flex-start fusion-content-layout-column\"><div class=\"fusion-text fusion-text-1\"><div align=\"justify\">\n<p>En 2015 el Ministerio de Educaci\u00f3n, Cultura y Deporte cre\u00f3 la Academia de Psicolog\u00eda de Espa\u00f1a. \u00a0Esta creaci\u00f3n viene a a\u00f1adir una pieza muy importante al proceso de institucionalizaci\u00f3n de la psicolog\u00eda espa\u00f1ola, que tiene ya una important\u00edsima presencia en nuestra vida profesional, nuestras universidades, y centros de investigaci\u00f3n, y que cuenta con un gran n\u00famero de personalidades bien conocidas nacional e internacionalmente. En el proceso de su creaci\u00f3n participaron psic\u00f3logos bien conocidos en el \u00e1mbito de la investigaci\u00f3n, de la docencia, y de la vida profesional.<\/p>\n<p>Inicialmente, en diciembre de 2011, se constituy\u00f3 notarialmente una Comisi\u00f3n Gestora para impulsar dicho proceso, integrada por los siguientes miembros:\u00a0<strong><a href=\"https:\/\/www.academiapsicologia.com\/index.php\/2021\/02\/10\/heliodoro-carpintero-capell\/\">D. Helio Carpintero<\/a><\/strong>,\u00a0<strong><a href=\"https:\/\/www.academiapsicologia.com\/index.php\/2015\/07\/16\/rocio-fernandez-ballesteros-garcia\/\">D\u00aa. Roc\u00edo Fern\u00e1ndez-Ballesteros<\/a><\/strong>,\u00a0<strong><a href=\"https:\/\/www.academiapsicologia.com\/index.php\/2015\/11\/09\/ma-jose-diaz-aguado-jalon\/\">D\u00aa. Mar\u00eda Jos\u00e9 D\u00edaz Aguado<\/a><\/strong>,\u00a0<strong><a href=\"https:\/\/www.academiapsicologia.com\/index.php\/2018\/01\/02\/jose-francisco-morales-dominguez\/\">D. Jos\u00e9 Francisco Morales<\/a><\/strong>,\u00a0<strong><a href=\"https:\/\/www.academiapsicologia.com\/index.php\/2018\/01\/03\/otilia-alicia-salvador-fernandez-montejo\/\">D\u00aa. Alicia Salvador<\/a><\/strong>,\u00a0<strong><a href=\"https:\/\/www.academiapsicologia.com\/index.php\/2018\/01\/03\/francisco-santolaya-ochando\/\">D. Francisco Santolaya<\/a><\/strong>,\u00a0<strong><a href=\"https:\/\/www.academiapsicologia.com\/index.php\/2018\/01\/03\/jesus-rodriguez-marin\/\">D. Jes\u00fas Rodr\u00edguez Mar\u00edn<\/a><\/strong>,\u00a0<strong><a href=\"https:\/\/www.academiapsicologia.com\/index.php\/2015\/11\/09\/maria-teresa-anguera-argilaga\/\">D\u00aa. Mar\u00eda Teresa Anguera<\/a><\/strong>,\u00a0<strong><a href=\"https:\/\/www.academiapsicologia.com\/index.php\/2018\/01\/03\/jose-maria-prieto-zamora\/\">D. Jos\u00e9 Mar\u00eda Prieto<\/a><\/strong>\u00a0y\u00a0<strong><a href=\"https:\/\/www.academiapsicologia.com\/index.php\/2018\/01\/02\/manuel-enrique-medina-tornero\/\">D. Manuel Enrique Medina Tornero<\/a><\/strong>.<\/p>\n<p>Una vez constituida formalmente la Comisi\u00f3n Gestora, sus miembros eligieron como, Presidente y Secretario de la misma, a\u00a0<strong><a href=\"https:\/\/www.academiapsicologia.com\/index.php\/2021\/02\/10\/heliodoro-carpintero-capell\/\">don Helio Carpintero<\/a><\/strong>\u00a0y a\u00a0<strong><a href=\"https:\/\/www.academiapsicologia.com\/index.php\/2018\/01\/02\/manuel-enrique-medina-tornero\/\">don Manuel Enrique Medina<\/a><\/strong>. Acto seguido se procedi\u00f3 a redactar y aprobar la Memoria que deber\u00eda servir de base para solicitar la creaci\u00f3n de la Academia ante el Ministerio de Educaci\u00f3n, Cultura y Deporte; y la propuesta de Estatutos que tambi\u00e9n deber\u00eda acompa\u00f1ar a la solicitud.<\/p>\n<p>El 20 de abril de 2012, la Comisi\u00f3n Gestora, en sesi\u00f3n plenaria, aprob\u00f3 la Memoria Cient\u00edfica, y se aprobaron los primeros criterios y procedimientos para la elecci\u00f3n e incorporaci\u00f3n de nuevos miembros a la Comisi\u00f3n Gestora. El 18 de mayo de 2012, mediante sufragio secreto, se eligieron, de acuerdo con los criterios aprobados, los 14 nuevos miembros siguientes que se un\u00edan a los iniciales 10 miembros, en la Comisi\u00f3n Gestora:<\/p>\n<p><a href=\"https:\/\/www.academiapsicologia.com\/index.php\/2015\/07\/16\/agustin-dosil-maceira\/\"><strong>Agust\u00edn Dosil<\/strong><\/a> (Universidad de Santiago de Compostela), <strong><a href=\"https:\/\/www.academiapsicologia.com\/index.php\/2018\/01\/02\/antonio-guillamon-fernandez\/\">Antonio Guillam\u00f3n<\/a><\/strong>\u00a0(UNED),\u00a0<strong><a href=\"https:\/\/www.academiapsicologia.com\/index.php\/2018\/01\/02\/araceli-macia-anton\/\">Araceli Maci\u00e1<\/a><\/strong>\u00a0(UNED),\u00a0<strong><a href=\"https:\/\/www.academiapsicologia.com\/index.php\/2018\/01\/03\/francisco-javier-urra-portillo\/\">F. Javier Urra<\/a><\/strong>\u00a0(Presidente de la Fundaci\u00f3n Infancia),\u00a0<strong><a href=\"https:\/\/www.academiapsicologia.com\/index.php\/2015\/07\/16\/fernando-chacon-fuertes\/\">Fernando Chac\u00f3n<\/a><\/strong>\u00a0(Decano del COP Madrid),\u00a0<strong><a href=\"https:\/\/www.academiapsicologia.com\/index.php\/2018\/01\/02\/florencio-jimenez-burillo\/\">Florencio Jim\u00e9nez Burillo<\/a><\/strong>\u00a0(UCM),\u00a0<strong><a href=\"https:\/\/www.academiapsicologia.com\/index.php\/2021\/02\/15\/gonzalo-musitu-ochoa\/\">Gonzalo Musitu<\/a><\/strong>\u00a0(U. Pablo Olavide),\u00a0<strong><a href=\"https:\/\/www.academiapsicologia.com\/index.php\/2018\/01\/03\/jaime-vila-castellar\/\">Jaime Vila<\/a><\/strong>\u00a0(U. Granada).\u00a0<strong><a href=\"https:\/\/www.academiapsicologia.com\/index.php\/2015\/11\/09\/excmo-sr-d-jose-bermudez-moreno\/\">Jos\u00e9 Berm\u00fadez<\/a><\/strong>\u00a0(UNED),\u00a0<strong><a href=\"https:\/\/www.academiapsicologia.com\/index.php\/2018\/01\/03\/jose-maria-peiro-silla\/\">Jose M. Peir\u00f3<\/a><\/strong>\u00a0(U. Valencia),\u00a0<strong><a href=\"https:\/\/www.academiapsicologia.com\/index.php\/2018\/01\/03\/jose-muniz-fernandez\/\">Jos\u00e9 Mu\u00f1iz<\/a><\/strong>\u00a0(U. Oviedo),\u00a0<strong><a href=\"https:\/\/www.academiapsicologia.com\/index.php\/2018\/01\/02\/jose-ramon-fernandez-hermida\/\">Jose Ram\u00f3n F. Hermida<\/a><\/strong>\u00a0(U. Oviedo),\u00a0<strong><a href=\"https:\/\/www.academiapsicologia.com\/index.php\/2018\/01\/02\/ma-del-rosario-martinez-arias\/\">Mar\u00eda del Rosario Mart\u00ednez Arias<\/a><\/strong>\u00a0(UCM), y\u00a0<strong><a href=\"https:\/\/www.academiapsicologia.com\/index.php\/2015\/06\/19\/ramon-bayes-sopena\/\">Ram\u00f3n Bay\u00e9s<\/a><\/strong> (UAB).<\/p>\n<p>El 12 de junio de 2013 se present\u00f3 la solicitud de creaci\u00f3n de la nueva academia en el registro del Ministerio de Educaci\u00f3n, Cultura y Deporte, y comenz\u00f3 su tramitaci\u00f3n que culmin\u00f3 con el acuerdo de creaci\u00f3n de la Academia de Psicolog\u00eda de Espa\u00f1a en la sesi\u00f3n del Consejo de Ministros del 14 de mayo de 2015, que se aprob\u00f3 mediante el Real Decreto 378\/2015 de 14 de mayo.<\/p>\n<p>Tal como establec\u00eda la disposici\u00f3n adicional segunda, el Ministerio nombr\u00f3, entre los candidatos que les fueron presentados por las Universidades, el Consejo General de la Psicolog\u00eda de Espa\u00f1a, y las restantes Academias de \u00e1mbito nacional, a los nueve primeros acad\u00e9micos de n\u00famero, por Orden de 22 de julio de 2015, que fueron:\u00a0<strong><a href=\"https:\/\/www.academiapsicologia.com\/index.php\/2021\/02\/10\/heliodoro-carpintero-capell\/\">D. Heliodoro Carpintero<\/a><\/strong>,\u00a0<strong><a href=\"https:\/\/www.academiapsicologia.com\/index.php\/2015\/07\/16\/agustin-dosil-maceira\/\">D. Agust\u00edn Dosil<\/a><\/strong>,\u00a0<strong><a href=\"https:\/\/www.academiapsicologia.com\/index.php\/2018\/01\/02\/jose-francisco-morales-dominguez\/\">D. Jos\u00e9 Francisco Morales<\/a><\/strong>\u00a0(a propuesta de las Reales Academias),\u00a0<strong><a href=\"https:\/\/www.academiapsicologia.com\/index.php\/2015\/07\/16\/rocio-fernandez-ballesteros-garcia\/\">D\u00aa. Roc\u00edo Fern\u00e1ndez-Ballesteros<\/a><\/strong>,\u00a0<strong><a href=\"https:\/\/www.academiapsicologia.com\/index.php\/2018\/01\/02\/araceli-macia-anton\/\">D\u00aa. Araceli Maci\u00e1 Ant\u00f3n<\/a><\/strong>\u00a0y\u00a0<strong><a href=\"https:\/\/www.academiapsicologia.com\/index.php\/2018\/01\/03\/jesus-rodriguez-marin\/\">D. Jes\u00fas Rodr\u00edguez-Mar\u00edn<\/a><\/strong>\u00a0(a propuesta de las Universidades espa\u00f1olas) y a\u00a0<strong><a href=\"https:\/\/www.academiapsicologia.com\/index.php\/2018\/01\/03\/francisco-santolaya-ochando\/\">D. Francisco Santolaya<\/a><\/strong>,\u00a0<strong><a href=\"https:\/\/www.academiapsicologia.com\/index.php\/2015\/07\/16\/fernando-chacon-fuertes\/\">D. Fernando Chac\u00f3n<\/a><\/strong>, y\u00a0<strong><a href=\"https:\/\/www.academiapsicologia.com\/index.php\/2018\/01\/02\/manuel-enrique-medina-tornero\/\">D. Manuel Enrique Medina<\/a><\/strong>\u00a0(a propuesta del Consejo General de la Psicolog\u00eda de Espa\u00f1a).<\/p>\n<p><a href=\"https:\/\/www.academiapsicologia.com\/wp-content\/uploads\/2025\/01\/Miembros-APE-Septiembre-de-2015.jpg\" target=\"_blank\" rel=\"noopener\"><img decoding=\"async\" class=\"aligncenter wp-image-3102 size-full\" src=\"https:\/\/www.academiapsicologia.com\/wp-content\/uploads\/2025\/01\/Miembros-APE-Septiembre-de-2015.jpg\" alt=\"\" width=\"770\" height=\"369\" srcset=\"https:\/\/www.academiapsicologia.com\/wp-content\/uploads\/2025\/01\/Miembros-APE-Septiembre-de-2015-200x96.jpg 200w, https:\/\/www.academiapsicologia.com\/wp-content\/uploads\/2025\/01\/Miembros-APE-Septiembre-de-2015-300x144.jpg 300w, https:\/\/www.academiapsicologia.com\/wp-content\/uploads\/2025\/01\/Miembros-APE-Septiembre-de-2015-400x192.jpg 400w, https:\/\/www.academiapsicologia.com\/wp-content\/uploads\/2025\/01\/Miembros-APE-Septiembre-de-2015-600x288.jpg 600w, https:\/\/www.academiapsicologia.com\/wp-content\/uploads\/2025\/01\/Miembros-APE-Septiembre-de-2015-768x368.jpg 768w, https:\/\/www.academiapsicologia.com\/wp-content\/uploads\/2025\/01\/Miembros-APE-Septiembre-de-2015.jpg 770w\" sizes=\"(max-width: 770px) 100vw, 770px\" \/><\/a><\/p>\n<p>Los citados se\u00f1oras y se\u00f1ores, aceptado su nombramiento, y en cumplimiento de lo establecido por el Real Decreto fundacional y la Orden ministerial, celebraron, el 31 de agosto de 2015, una primera Junta para proceder a la constituci\u00f3n formal de la Academia y a la elecci\u00f3n de una Junta de Gobierno provisional. En virtud de esa elecci\u00f3n\u00a0qued\u00f3 constituida la primera Junta de Gobierno provisional por los acad\u00e9micos y acad\u00e9micas siguientes, y en los cargos que se mencionan: Presidente:\u00a0<strong><a href=\"https:\/\/www.academiapsicologia.com\/index.php\/2021\/02\/10\/heliodoro-carpintero-capell\/\">D. Helio Carpintero Capell<\/a><\/strong>; Vicepresidenta:\u00a0<strong><a href=\"https:\/\/www.academiapsicologia.com\/index.php\/2015\/07\/16\/rocio-fernandez-ballesteros-garcia\/\">D\u00aa. Roc\u00edo Fern\u00e1ndez-Ballesteros Garc\u00eda<\/a><\/strong>; Secretario General:\u00a0<strong><a href=\"https:\/\/www.academiapsicologia.com\/index.php\/2018\/01\/02\/manuel-enrique-medina-tornero\/\">D. Manuel Enrique Medina Tornero<\/a><\/strong>; Tesorero:\u00a0<strong><a href=\"https:\/\/www.academiapsicologia.com\/index.php\/2018\/01\/03\/francisco-santolaya-ochando\/\">D. Francisco Santolaya Ochando<\/a><\/strong>; y Director de la Biblioteca:\u00a0<strong><a href=\"https:\/\/www.academiapsicologia.com\/index.php\/2018\/01\/03\/jesus-rodriguez-marin\/\">D. Jes\u00fas Rodr\u00edguez-Mar\u00edn<\/a><\/strong>.<\/p>\n<p>Al mismo tiempo, y para iniciar los trabajos de desarrollo e implementaci\u00f3n de la Academia se constituyen cuatro secciones para las que se eligieron presidentes de las mismas a los siguientes acad\u00e9micos y acad\u00e9micas:<\/p>\n<p>R\u00e9gimen Interior:\u00a0<strong><a href=\"https:\/\/www.academiapsicologia.com\/index.php\/2018\/01\/02\/araceli-macia-anton\/\">D\u00aa. Araceli Maci\u00e1 Ant\u00f3n<\/a><\/strong>; Medios Materiales:\u00a0<strong><a href=\"https:\/\/www.academiapsicologia.com\/index.php\/2015\/07\/16\/agustin-dosil-maceira\/\">D. Agust\u00edn Dosil<\/a><\/strong>; Imagen Corporativa:\u00a0<strong><a href=\"https:\/\/www.academiapsicologia.com\/index.php\/2015\/07\/16\/fernando-chacon-fuertes\/\">D. Fernando Chac\u00f3n Fuertes<\/a><\/strong>; y Relaciones Internacionales:\u00a0<strong><a href=\"https:\/\/www.academiapsicologia.com\/index.php\/2018\/01\/02\/jose-francisco-morales-dominguez\/\">D. J. Francisco Morales Dom\u00ednguez<\/a><\/strong>.<\/p>\n<p>La Junta de Gobierno provisional, en sesi\u00f3n del 29 de octubre de 2015, de acuerdo con el Real Decreto fundacional, y por el procedimiento aprobado en su d\u00eda, eligi\u00f3, mediante votaci\u00f3n secreta, como nuevos acad\u00e9micos y acad\u00e9micas a los siguientes Doctores y Doctoras, que ya hab\u00edan formado parte de la Comisi\u00f3n Gestora:<\/p>\n<p><strong><a href=\"https:\/\/www.academiapsicologia.com\/index.php\/2018\/01\/03\/otilia-alicia-salvador-fernandez-montejo\/\">D\u00aa. Alicia Salvador Fern\u00e1ndez-Montejo<\/a><\/strong>;\u00a0<a href=\"https:\/\/www.academiapsicologia.com\/index.php\/2018\/01\/02\/antonio-guillamon-fernandez\/\"><strong>D. Antonio Guillam\u00f3n Fern\u00e1ndez<\/strong><\/a>;\u00a0<a href=\"https:\/\/www.academiapsicologia.com\/index.php\/2018\/01\/02\/florencio-jimenez-burillo\/\"><strong>D. Florencio Jim\u00e9nez Burillo<\/strong><\/a>;\u00a0<a href=\"https:\/\/www.academiapsicologia.com\/index.php\/2018\/01\/03\/francisco-javier-urra-portillo\/\"><strong>D. Francisco Javier Urra Portillo<\/strong><\/a>;\u00a0<strong><a href=\"https:\/\/www.academiapsicologia.com\/index.php\/2021\/02\/15\/gonzalo-musitu-ochoa\/\">D. Gonzalo Musitu Ochoa<\/a><\/strong>;\u00a0<strong><a href=\"https:\/\/www.academiapsicologia.com\/index.php\/2018\/01\/03\/jaime-vila-castellar\/\">D. Jaime Vila Castellar<\/a><\/strong>;\u00a0<strong><a href=\"https:\/\/www.academiapsicologia.com\/index.php\/2015\/11\/09\/excmo-sr-d-jose-bermudez-moreno\/\">D. Jos\u00e9 Berm\u00fadez<\/a><\/strong>;\u00a0<strong><a href=\"https:\/\/www.academiapsicologia.com\/index.php\/2018\/01\/03\/jose-maria-peiro-silla\/\">D. Jos\u00e9 Mar\u00eda Peir\u00f3 Silla<\/a><\/strong>;\u00a0<strong><a href=\"https:\/\/www.academiapsicologia.com\/index.php\/2018\/01\/03\/jose-maria-prieto-zamora\/\">D. Jos\u00e9 Mar\u00eda Prieto Zamora<\/a><\/strong>;\u00a0<strong><a href=\"https:\/\/www.academiapsicologia.com\/index.php\/2018\/01\/03\/jose-muniz-fernandez\/\">D. Jos\u00e9 Mu\u00f1iz Fern\u00e1ndez<\/a><\/strong>;\u00a0<strong><a href=\"https:\/\/www.academiapsicologia.com\/index.php\/2018\/01\/02\/jose-ramon-fernandez-hermida\/\">D. Jos\u00e9 Ram\u00f3n Fern\u00e1ndez Hermida<\/a><\/strong>;\u00a0<strong><a href=\"https:\/\/www.academiapsicologia.com\/index.php\/2018\/01\/02\/ma-del-rosario-martinez-arias\/\">D\u00aa. M\u00aa. Del Rosario Mart\u00ednez Arias<\/a><\/strong>;\u00a0<strong><a href=\"https:\/\/www.academiapsicologia.com\/index.php\/2015\/11\/09\/ma-jose-diaz-aguado-jalon\/\">D\u00aa. M\u00aa. Jos\u00e9 D\u00edaz-Aguado Jal\u00f3n<\/a><\/strong>;\u00a0<strong><a href=\"https:\/\/www.academiapsicologia.com\/index.php\/2015\/11\/09\/maria-teresa-anguera-argilaga\/\">D\u00aa. M\u00aa. Teresa Anguera Argilaga<\/a><\/strong>; y\u00a0<strong><a href=\"https:\/\/www.academiapsicologia.com\/index.php\/2015\/06\/19\/ramon-bayes-sopena\/\">D. Ram\u00f3n Bay\u00e9s Sopena<\/a><\/strong>. Los nuevos acad\u00e9micos y acad\u00e9micas tomaron posesi\u00f3n en la Junta General extraordinaria del 26 de noviembre de 2015.<\/p>\n<p><a href=\"https:\/\/www.academiapsicologia.com\/wp-content\/uploads\/2025\/01\/Miembros-APE.jpg\" target=\"_blank\" rel=\"noopener\"><img decoding=\"async\" class=\"aligncenter wp-image-3096 size-full\" src=\"https:\/\/www.academiapsicologia.com\/wp-content\/uploads\/2025\/01\/Miembros-APE.jpg\" alt=\"\" width=\"1200\" height=\"750\" srcset=\"https:\/\/www.academiapsicologia.com\/wp-content\/uploads\/2025\/01\/Miembros-APE-200x125.jpg 200w, https:\/\/www.academiapsicologia.com\/wp-content\/uploads\/2025\/01\/Miembros-APE-300x188.jpg 300w, https:\/\/www.academiapsicologia.com\/wp-content\/uploads\/2025\/01\/Miembros-APE-400x250.jpg 400w, https:\/\/www.academiapsicologia.com\/wp-content\/uploads\/2025\/01\/Miembros-APE-600x375.jpg 600w, https:\/\/www.academiapsicologia.com\/wp-content\/uploads\/2025\/01\/Miembros-APE-768x480.jpg 768w, https:\/\/www.academiapsicologia.com\/wp-content\/uploads\/2025\/01\/Miembros-APE-800x500.jpg 800w, https:\/\/www.academiapsicologia.com\/wp-content\/uploads\/2025\/01\/Miembros-APE-1024x640.jpg 1024w, https:\/\/www.academiapsicologia.com\/wp-content\/uploads\/2025\/01\/Miembros-APE.jpg 1200w\" sizes=\"(max-width: 1200px) 100vw, 1200px\" \/><\/a><\/p>\n<p>Tras este paso, se procedi\u00f3 a la elecci\u00f3n de la primera Junta de Gobierno reglamentaria, para sustituir a la Junta provisional, en reuni\u00f3n extraordinaria de la Junta General de la Academia de 25 de febrero de 2016, quedando proclamada la candidatura siguiente:<\/p>\n<p>Presidencia:\u00a0<strong><a href=\"https:\/\/www.academiapsicologia.com\/index.php\/2021\/02\/10\/heliodoro-carpintero-capell\/\">D. Helio Carpintero Capell<\/a><\/strong>; Vicepresidencia:\u00a0<strong><a href=\"https:\/\/www.academiapsicologia.com\/index.php\/2015\/07\/16\/rocio-fernandez-ballesteros-garcia\/\">D\u00aa. Roc\u00edo Fern\u00e1ndez-Ballesteros Garc\u00eda<\/a><\/strong>; Secretario General: <strong><a href=\"https:\/\/www.academiapsicologia.com\/index.php\/2018\/01\/02\/manuel-enrique-medina-tornero\/\">D. Manuel Enrique Medina Tornero<\/a><\/strong>; Tesorer\u00eda:\u00a0<strong><a href=\"https:\/\/www.academiapsicologia.com\/index.php\/2018\/01\/03\/francisco-santolaya-ochando\/\">D. Francisco Santolaya Ochando<\/a><\/strong>; y Director de la Biblioteca:\u00a0<strong><a href=\"https:\/\/www.academiapsicologia.com\/index.php\/2018\/01\/03\/jesus-rodriguez-marin\/\">D. Jes\u00fas Rodr\u00edguez-Mar\u00edn<\/a><\/strong>.<\/p>\n<p>A la Junta Directiva, de acuerdo con los Estatutos de la Academia, se incorporaron los presidentes de las secciones creadas.<\/p>\n<p>En la reuni\u00f3n de la Junta General de la APE celebrada el 4 de marzo de 2020 se procedi\u00f3 a la primera renovaci\u00f3n parcial de la Junta de Gobierno (art. 37 del RRI) siendo elegidos Vicepresidente el <strong><a href=\"https:\/\/www.academiapsicologia.com\/index.php\/2018\/01\/02\/jose-francisco-morales-dominguez\/\">Dr. Jos\u00e9 Francisco Morales Dom\u00ednguez<\/a><\/strong> y reelegido como Secretario General el <strong><a href=\"https:\/\/www.academiapsicologia.com\/index.php\/2018\/01\/02\/manuel-enrique-medina-tornero\/\">Dr. Manuel Enrique Medina Tornero<\/a><\/strong>.<\/p>\n<p>En 2022 se procede a la segunda renovaci\u00f3n parcial de la Junta de Gobierno y, en la sesi\u00f3n plenaria de la Academia, celebrada el 24 de febrero son reelegidos como Presidente el <strong><a href=\"https:\/\/www.academiapsicologia.com\/index.php\/2021\/02\/10\/heliodoro-carpintero-capell\/\">Dr. Helio Carpintero Capell<\/a><\/strong>, Director de la Biblioteca el <a href=\"https:\/\/www.academiapsicologia.com\/index.php\/2018\/01\/03\/jesus-rodriguez-marin\/\"><strong>Dr. Jes\u00fas Rodr\u00edguez Mar\u00edn<\/strong><\/a> y Tesorero el <a href=\"https:\/\/www.academiapsicologia.com\/index.php\/2018\/01\/03\/francisco-santolaya-ochando\/\"><strong>Dr. Francisco Santolaya Ochando<\/strong><\/a>.<\/p>\n<p>En la reuni\u00f3n de la Junta General de 22 de febrero de 2024 se procede, de nuevo a la renovaci\u00f3n parcial de la Junta de Gobierno siendo elegida como Secretaria General la <a href=\"https:\/\/www.academiapsicologia.com\/index.php\/2018\/01\/02\/araceli-macia-anton\/\"><strong>Dra. M\u00aa Araceli Maci\u00e1 Ant\u00f3n<\/strong><\/a> y reelegido como Vicepresidente el <a href=\"https:\/\/www.academiapsicologia.com\/index.php\/2018\/01\/02\/jose-francisco-morales-dominguez\/\"><strong>Dr. Jos\u00e9 Francisco Morales Dom\u00ednguez<\/strong><\/a>.<\/p>\n<p>En la Junta General de la Academia, celebrada el 26 de febrero de 2026, se procedi\u00f3 a la renovaci\u00f3n parcial de la Junta de Gobierno siendo elegidos Presidente el <a href=\"https:\/\/www.academiapsicologia.com\/index.php\/2018\/01\/03\/jose-maria-peiro-silla\/\"><strong>Dr. Jos\u00e9 Mar\u00eda Peir\u00f3 Silla<\/strong><\/a>, Director de la Biblioteca el <a href=\"https:\/\/www.academiapsicologia.com\/index.php\/2019\/10\/15\/amalio-blanco-abarca\/\"><strong>Dr. Amalio Blanco Abarca<\/strong><\/a> y Tesorero el <a href=\"https:\/\/www.academiapsicologia.com\/index.php\/2015\/07\/16\/fernando-chacon-fuertes\/\"><strong>Dr. Fernando Chac\u00f3n Fuertes<\/strong><\/a>.<\/p>\n<\/div>\n<\/div><\/div><\/div><\/div><\/div>\n","protected":false},"excerpt":{"rendered":"","protected":false},"author":1,"featured_media":0,"parent":0,"menu_order":0,"comment_status":"closed","ping_status":"closed","template":"","meta":{"footnotes":""},"class_list":["post-449","page","type-page","status-publish","hentry"],"_links":{"self":[{"href":"https:\/\/www.academiapsicologia.com\/index.php\/wp-json\/wp\/v2\/pages\/449","targetHints":{"allow":["GET"]}}],"collection":[{"href":"https:\/\/www.academiapsicologia.com\/index.php\/wp-json\/wp\/v2\/pages"}],"about":[{"href":"https:\/\/www.academiapsicologia.com\/index.php\/wp-json\/wp\/v2\/types\/page"}],"author":[{"embeddable":true,"href":"https:\/\/www.academiapsicologia.com\/index.php\/wp-json\/wp\/v2\/users\/1"}],"replies":[{"embeddable":true,"href":"https:\/\/www.academiapsicologia.com\/index.php\/wp-json\/wp\/v2\/comments?post=449"}],"version-history":[{"count":12,"href":"https:\/\/www.academiapsicologia.com\/index.php\/wp-json\/wp\/v2\/pages\/449\/revisions"}],"predecessor-version":[{"id":3650,"href":"https:\/\/www.academiapsicologia.com\/index.php\/wp-json\/wp\/v2\/pages\/449\/revisions\/3650"}],"wp:attachment":[{"href":"https:\/\/www.academiapsicologia.com\/index.php\/wp-json\/wp\/v2\/media?parent=449"}],"curies":[{"name":"wp","href":"https:\/\/api.w.org\/{rel}","templated":true}]}}